{"id":5983,"date":"2023-04-06T09:39:20","date_gmt":"2023-04-06T09:39:20","guid":{"rendered":"http:\/\/zipzapsocial.com\/politica-de-privacidad\/"},"modified":"2023-04-19T09:41:12","modified_gmt":"2023-04-19T09:41:12","slug":"politica-de-privacidad","status":"publish","type":"page","link":"https:\/\/zipzapsocial.com\/ca\/politica-de-privacidad\/","title":{"rendered":"Pol\u00edtica de privacidad"},"content":{"rendered":"[vc_row][vc_column]<div class=\"vcex-spacing\" style=\"height:30px\"><\/div>[vc_column_text]\n<h1 class=\"western\">Protecci\u00f3n de Datos<\/h1>\n<p>Como consecuencia de la navegaci\u00f3n en la web y de la cumplimentaci\u00f3n de los formularios de la web, el usuario acepta que los datos personales por \u00e9l facilitados o que se faciliten en el futuro a trav\u00e9s de dicho servicio, sean objeto de tratamiento en ficheros de datos de car\u00e1cter personal de ZIP ZAP SOCIAL PR SL. incluyendo la recopilaci\u00f3n de datos de acceso y la utilizaci\u00f3n de cookies y funciones proporcionadas por terceros.<\/p>\n<p>&nbsp;<\/p>\n<p><strong>Finalidad del tratamiento, base legal y destinatarios de la informaci\u00f3n<\/strong><\/p>\n<p>&nbsp;<\/p>\n<p>Los datos se utilizan para:<\/p>\n<ul>\n<li>Permitir el funcionamiento y navegaci\u00f3n del usuario por la web.<\/li>\n<li>Registrar y atender las solicitudes realizadas por los usuarios a trav\u00e9s de los formularios de la web (contacto, etc.).<\/li>\n<li>Formalizar y gestionar su participaci\u00f3n en nuestros procesos de selecci\u00f3n, a trav\u00e9s del apartado y formulario \u201cTrabaja con nosotros\u201d.<\/li>\n<li>Remisi\u00f3n de publicidad y otras promociones comerciales mediante correo electr\u00f3nico, SMS, MMS o cualquier otro medio an\u00e1logo de ZIP ZAP SOCIAL PR SL.<\/li>\n<li>Elaborar anal\u00edticas web y estad\u00edsticas.<\/li>\n<li>Incluir funciones proporcionadas por terceros (Google Maps, etc.).<\/li>\n<\/ul>\n<p><u>Acceso y navegaci\u00f3n del usuario por la web<\/u><\/p>\n<ul>\n<li>Finalidad: se tratan los datos necesarios para la provisi\u00f3n de los servicios en l\u00ednea, incluyendo el registro de direcciones IP, p\u00e1ginas visitadas y fecha de acceso, as\u00ed como informaci\u00f3n sobre el terminal del usuario. Los datos tambi\u00e9n se tratan para fines de seguridad y de mejora de la web.<\/li>\n<li>Legitimaci\u00f3n: el tratamiento de los datos es necesario para la provisi\u00f3n de los servicios en l\u00ednea; consentimiento, expresado a trav\u00e9s de la utilizaci\u00f3n de la web.<\/li>\n<\/ul>\n<p><u>Utilizaci\u00f3n de los formularios de la web<\/u><\/p>\n<ul>\n<li>Finalidad: ponernos en contacto con usted para atender las solicitudes realizadas a trav\u00e9s de los formularios web.<\/li>\n<li>Legitimaci\u00f3n: consentimiento expresado al utilizar y enviar el formulario.<\/li>\n<li>Destinatarios y transferencias: empresas y establecimientos involucradas en prestar los servicios solicitados.<\/li>\n<\/ul>\n<p><u>Trabaja con nosotros<\/u><\/p>\n<ul>\n<li>Finalidad: formalizar y gestionar su candidatura para participar en nuestras ofertas de empleo publicadas a trav\u00e9s de nuestra web.<\/li>\n<li>Legitimaci\u00f3n: su consentimiento, expresado al enviar su candidatura y, la ejecuci\u00f3n de medidas precontractuales o un contrato si pasa a formar parte de nuestra empresa.<\/li>\n<li><a name=\"Bookmark\"><\/a> Destinatarios y transferencias: empresas vinculadas a ZIP ZAP SOCIAL PR SL involucradas en el proceso de selecci\u00f3n.<\/li>\n<\/ul>\n<p><u>Remisi\u00f3n de publicidad y otras promociones comerciales<\/u><\/p>\n<ul>\n<li>Finalidad: enviar informaci\u00f3n relativa a los productos y servicios de ZIP ZAP SOCIAL PR SL, por correo electr\u00f3nico, SMS, MMS o cualquier otro medio an\u00e1logo.<\/li>\n<li>Legitimaci\u00f3n: existencia de una relaci\u00f3n contractual previa; su consentimiento.<\/li>\n<li>Destinatarios y transferencias: empresas y establecimientos involucradas en prestar los servicios solicitados.<\/li>\n<\/ul>\n<p><u>Anal\u00edticas Web<\/u><\/p>\n<ul>\n<li>Finalidad: conocer la manera en que la web es buscada, accedida y utilizada por el p\u00fablico. Pueden implicar la recopilaci\u00f3n de datos de car\u00e1cter personal como por ejemplo la direcci\u00f3n IP, la localizaci\u00f3n de la conexi\u00f3n, la informaci\u00f3n sobre el software o hardware de navegaci\u00f3n, etc.<\/li>\n<li>Legitimaci\u00f3n: consentimiento, expresado a trav\u00e9s de la utilizaci\u00f3n de la web.<\/li>\n<li>Destinatarios y transferencias: ZIP ZAP SOCIAL PR SL.<\/li>\n<\/ul>\n<p><u>Funciones proporcionadas terceros<\/u><\/p>\n<ul>\n<li>Finalidad: incorporar funciones proporcionados por terceros, como mapas, anal\u00edticas, botones sociales, widget de chat, etc.<\/li>\n<li>Legitimaci\u00f3n: ejecuci\u00f3n del sitio web y, en relaci\u00f3n a los fines publicitarios y anal\u00edticos con datos, consentimiento.<\/li>\n<li>Destinatarios y transferencias: Las funciones de terceros establecen una conexi\u00f3n directa entre el navegador del usuario y los dominios de Internet de los terceros, permitiendo la descarga y ejecuci\u00f3n de la funci\u00f3n, inclusive desde p\u00e1ginas fuera del Espacio Econ\u00f3mico Europeo.<\/li>\n<\/ul>\n<p>Esta web integra funciones de Google Inc., como Google Analytics y Google Maps. Consecuentemente, al utilizar esta web el usuario autoriza el tratamiento de sus datos por parte de Google, conforme lo establecido en su Pol\u00edtica de Privacidad: <a href=\"https:\/\/policies.google.com\/privacy\">https:\/\/policies.google.com\/privacy<\/a><\/p>\n<p>&nbsp;<\/p>\n<p><strong>Veracidad de los datos<\/strong><\/p>\n<p>El usuario debe rellenar los formularios con datos verdaderos, exactos, completos y actuales. El usuario no introducir\u00e1 datos correspondientes a otra persona; ZIP ZAP SOCIAL PR SL presumir\u00e1 que los datos han sido facilitados por el titular de los mismos. El usuario ser\u00e1 el \u00fanico responsable de cualquier da\u00f1o o perjuicio, directo o indirecto que pudiera ocasionar a cualquier persona a causa de la cumplimentaci\u00f3n del formulario con datos relativos a otra persona.<\/p>\n<p>&nbsp;<\/p>\n<p><strong>Derechos de acceso, rectificaci\u00f3n, supresi\u00f3n, oposici\u00f3n y otros<\/strong><\/p>\n<p>El titular de los datos tiene en todo momento el derecho de acceder, rectificar, y suprimir los datos que lo conciernen, as\u00ed como oponerse al tratamiento de sus datos, en los t\u00e9rminos recogidos en la legislaci\u00f3n de protecci\u00f3n de datos. Tambi\u00e9n tiene derecho a solicitar: la portabilidad de sus datos, la revocaci\u00f3n del consentimiento prestado en su caso y la limitaci\u00f3n del tratamiento.<\/p>\n<p>&nbsp;<\/p>\n<p>El titular de los datos puede ejercer estos derechos mediante escrito dirigido por correo postal a ZIP ZAP SOCIAL PR SL (referencia PROTECCI\u00d3N DATOS) en Passatge de Forast\u00e9, 4, 1-D, 08022, Barcelona (Espa\u00f1a).<\/p>\n<p>&nbsp;<\/p>\n<p>El titular de los datos tambi\u00e9n puede oponerse a la recepci\u00f3n de e-mails comerciales, para ello cada comunicaci\u00f3n comercial incluye la direcci\u00f3n donde solicitar la baja.<\/p>\n<p>&nbsp;<\/p>\n<p>El titular de los datos, si considera que el tratamiento de sus datos infringe la legislaci\u00f3n de protecci\u00f3n de datos, puede presentar una queja ante las autoridades de control de protecci\u00f3n de datos.<\/p>\n<p>&nbsp;<\/p>\n<p><strong>Menores de edad<\/strong><\/p>\n<p>Se proh\u00edbe la utilizaci\u00f3n de los servicios web de ZIP ZAP SOCIAL PR SL a personas menores de 18 a\u00f1os.<\/p>\n<p>&nbsp;<\/p>\n<p><strong>Destinatarios y transferencia internacional de datos<\/strong><\/p>\n<p>El uso de los diferentes formularios contenidos en la presente p\u00e1gina web implica la cesi\u00f3n de sus datos a las entidades y empresas colaboradoras de ZIP ZAP SOCIAL PR SL, siempre que dichas entidades y empresas est\u00e9n involucradas en el proceso o servicio solicitado.<\/p>\n<p>&nbsp;<\/p>\n<p><strong>Seguridad de los datos<\/strong><\/p>\n<p>ZIP ZAP SOCIAL PR SL tiene una de las tecnolog\u00edas m\u00e1s seguras en cuanto a la protecci\u00f3n de datos de su tarjeta de cr\u00e9dito se refiere. Asimismo, cumple todas las normas internacionales que legislan la materia. Todos los apartados de ZIP ZAP SOCIAL PR SL donde solicitamos informaci\u00f3n sensible utilizan el protocolo de comunicaci\u00f3n SSL. Esto quiere decir que la informaci\u00f3n que viaja a trav\u00e9s de Internet desde su ordenador hasta nuestro servidor lo hace codificada, haci\u00e9ndolos indescifrables a cualquier persona ajena. Esta tecnolog\u00eda asegura y garantiza, que sus datos no podr\u00e1n ser interceptados, manipulados o suplantados, de ninguna manera. De esta forma el pago a trav\u00e9s de Internet es hoy en d\u00eda tan seguro como la compra directa.<\/p>\n<p>&nbsp;<\/p>\n<p><strong>\u00bfQu\u00e9 significa SSL?<\/strong><\/p>\n<p>El SSL (Secure Socket Layer) es una tecnolog\u00eda est\u00e1ndar de seguridad en Internet. Aplica un sistema de encriptaci\u00f3n (codificaci\u00f3n) que proporciona la m\u00e1xima confidencialidad de los datos que nos transmiten. As\u00ed se impide la entrada il\u00edcita o intercepci\u00f3n en un sistema mientras los datos circulan por Internet. Para mayor seguridad, estos datos se almacenan en un servidor seguro protegido por un \u201cfirewall\u201d en continua vigilancia.<\/p>\n[\/vc_column_text][\/vc_column][\/vc_row]\n","protected":false},"excerpt":{"rendered":"<p>[vc_row][vc_column][vc_column_text] Protecci\u00f3n de Datos Como consecuencia de la navegaci\u00f3n en la web y de la cumplimentaci\u00f3n de los formularios de la web, el usuario acepta que los datos personales por \u00e9l facilitados o que se faciliten en el futuro a&hellip;<\/p>\n","protected":false},"author":3,"featured_media":0,"parent":0,"menu_order":0,"comment_status":"closed","ping_status":"closed","template":"templates\/no-sidebar.php","meta":[],"yoast_head":"<!-- This site is optimized with the Yoast SEO plugin v18.3 - https:\/\/yoast.com\/wordpress\/plugins\/seo\/ -->\n<title>Pol\u00edtica de privacidad - ZipZap Social<\/title>\n<meta name=\"robots\" content=\"index, follow, max-snippet:-1, max-image-preview:large, max-video-preview:-1\" \/>\n<link rel=\"canonical\" href=\"https:\/\/zipzapsocial.com\/ca\/politica-de-privacidad\/\" \/>\n<meta property=\"og:locale\" content=\"ca_ES\" \/>\n<meta property=\"og:type\" content=\"article\" \/>\n<meta property=\"og:title\" content=\"Pol\u00edtica de privacidad - ZipZap Social\" \/>\n<meta property=\"og:description\" content=\"[vc_row][vc_column][vc_column_text] Protecci\u00f3n de Datos Como consecuencia de la navegaci\u00f3n en la web y de la cumplimentaci\u00f3n de los formularios de la web, el usuario acepta que los datos personales por \u00e9l facilitados o que se faciliten en el futuro a&hellip;\" \/>\n<meta property=\"og:url\" content=\"https:\/\/zipzapsocial.com\/ca\/politica-de-privacidad\/\" \/>\n<meta property=\"og:site_name\" content=\"ZipZap Social\" \/>\n<meta property=\"article:modified_time\" content=\"2023-04-19T09:41:12+00:00\" \/>\n<meta name=\"twitter:card\" content=\"summary_large_image\" \/>\n<meta name=\"twitter:label1\" content=\"Temps estimat de lectura\" \/>\n\t<meta name=\"twitter:data1\" content=\"6 minuts\" \/>\n<script type=\"application\/ld+json\" class=\"yoast-schema-graph\">{\"@context\":\"https:\/\/schema.org\",\"@graph\":[{\"@type\":\"WebSite\",\"@id\":\"https:\/\/zipzapsocial.com\/#website\",\"url\":\"https:\/\/zipzapsocial.com\/\",\"name\":\"ZipZap Social\",\"description\":\"Just another WordPress site\",\"potentialAction\":[{\"@type\":\"SearchAction\",\"target\":{\"@type\":\"EntryPoint\",\"urlTemplate\":\"https:\/\/zipzapsocial.com\/?s={search_term_string}\"},\"query-input\":\"required name=search_term_string\"}],\"inLanguage\":\"ca\"},{\"@type\":\"WebPage\",\"@id\":\"https:\/\/zipzapsocial.com\/ca\/politica-de-privacidad\/#webpage\",\"url\":\"https:\/\/zipzapsocial.com\/ca\/politica-de-privacidad\/\",\"name\":\"Pol\u00edtica de privacidad - ZipZap Social\",\"isPartOf\":{\"@id\":\"https:\/\/zipzapsocial.com\/#website\"},\"datePublished\":\"2023-04-06T09:39:20+00:00\",\"dateModified\":\"2023-04-19T09:41:12+00:00\",\"breadcrumb\":{\"@id\":\"https:\/\/zipzapsocial.com\/ca\/politica-de-privacidad\/#breadcrumb\"},\"inLanguage\":\"ca\",\"potentialAction\":[{\"@type\":\"ReadAction\",\"target\":[\"https:\/\/zipzapsocial.com\/ca\/politica-de-privacidad\/\"]}]},{\"@type\":\"BreadcrumbList\",\"@id\":\"https:\/\/zipzapsocial.com\/ca\/politica-de-privacidad\/#breadcrumb\",\"itemListElement\":[{\"@type\":\"ListItem\",\"position\":1,\"name\":\"Portada\",\"item\":\"https:\/\/zipzapsocial.com\/ca\/\"},{\"@type\":\"ListItem\",\"position\":2,\"name\":\"Pol\u00edtica de privacidad\"}]}]}<\/script>\n<!-- \/ Yoast SEO plugin. -->","yoast_head_json":{"title":"Pol\u00edtica de privacidad - ZipZap Social","robots":{"index":"index","follow":"follow","max-snippet":"max-snippet:-1","max-image-preview":"max-image-preview:large","max-video-preview":"max-video-preview:-1"},"canonical":"https:\/\/zipzapsocial.com\/ca\/politica-de-privacidad\/","og_locale":"ca_ES","og_type":"article","og_title":"Pol\u00edtica de privacidad - ZipZap Social","og_description":"[vc_row][vc_column][vc_column_text] Protecci\u00f3n de Datos Como consecuencia de la navegaci\u00f3n en la web y de la cumplimentaci\u00f3n de los formularios de la web, el usuario acepta que los datos personales por \u00e9l facilitados o que se faciliten en el futuro a&hellip;","og_url":"https:\/\/zipzapsocial.com\/ca\/politica-de-privacidad\/","og_site_name":"ZipZap Social","article_modified_time":"2023-04-19T09:41:12+00:00","twitter_card":"summary_large_image","twitter_misc":{"Temps estimat de lectura":"6 minuts"},"schema":{"@context":"https:\/\/schema.org","@graph":[{"@type":"WebSite","@id":"https:\/\/zipzapsocial.com\/#website","url":"https:\/\/zipzapsocial.com\/","name":"ZipZap Social","description":"Just another WordPress site","potentialAction":[{"@type":"SearchAction","target":{"@type":"EntryPoint","urlTemplate":"https:\/\/zipzapsocial.com\/?s={search_term_string}"},"query-input":"required name=search_term_string"}],"inLanguage":"ca"},{"@type":"WebPage","@id":"https:\/\/zipzapsocial.com\/ca\/politica-de-privacidad\/#webpage","url":"https:\/\/zipzapsocial.com\/ca\/politica-de-privacidad\/","name":"Pol\u00edtica de privacidad - ZipZap Social","isPartOf":{"@id":"https:\/\/zipzapsocial.com\/#website"},"datePublished":"2023-04-06T09:39:20+00:00","dateModified":"2023-04-19T09:41:12+00:00","breadcrumb":{"@id":"https:\/\/zipzapsocial.com\/ca\/politica-de-privacidad\/#breadcrumb"},"inLanguage":"ca","potentialAction":[{"@type":"ReadAction","target":["https:\/\/zipzapsocial.com\/ca\/politica-de-privacidad\/"]}]},{"@type":"BreadcrumbList","@id":"https:\/\/zipzapsocial.com\/ca\/politica-de-privacidad\/#breadcrumb","itemListElement":[{"@type":"ListItem","position":1,"name":"Portada","item":"https:\/\/zipzapsocial.com\/ca\/"},{"@type":"ListItem","position":2,"name":"Pol\u00edtica de privacidad"}]}]}},"_links":{"self":[{"href":"https:\/\/zipzapsocial.com\/ca\/wp-json\/wp\/v2\/pages\/5983\/"}],"collection":[{"href":"https:\/\/zipzapsocial.com\/ca\/wp-json\/wp\/v2\/pages\/"}],"about":[{"href":"https:\/\/zipzapsocial.com\/ca\/wp-json\/wp\/v2\/types\/page\/"}],"author":[{"embeddable":true,"href":"https:\/\/zipzapsocial.com\/ca\/wp-json\/wp\/v2\/users\/3\/"}],"replies":[{"embeddable":true,"href":"https:\/\/zipzapsocial.com\/ca\/wp-json\/wp\/v2\/comments\/?post=5983"}],"version-history":[{"count":2,"href":"https:\/\/zipzapsocial.com\/ca\/wp-json\/wp\/v2\/pages\/5983\/revisions\/"}],"predecessor-version":[{"id":5991,"href":"https:\/\/zipzapsocial.com\/ca\/wp-json\/wp\/v2\/pages\/5983\/revisions\/5991\/"}],"wp:attachment":[{"href":"https:\/\/zipzapsocial.com\/ca\/wp-json\/wp\/v2\/media\/?parent=5983"}],"curies":[{"name":"wp","href":"https:\/\/api.w.org\/{rel}","templated":true}]}}