{"id":2481,"date":"2018-12-12T10:46:00","date_gmt":"2018-12-12T10:46:00","guid":{"rendered":"http:\/\/zipzapsocial.com\/contacto\/"},"modified":"2019-02-21T12:42:22","modified_gmt":"2019-02-21T12:42:22","slug":"contacto","status":"publish","type":"page","link":"https:\/\/zipzapsocial.com\/ca\/contacto\/","title":{"rendered":"CONTACTE"},"content":{"rendered":"[vc_row gap=&#8221;5&#8243; disable_element=&#8221;yes&#8221;][vc_column width=&#8221;1\/3&#8243;][vc_column_text]\n<h2 style=\"text-align: center;\">Delegaci\u00f3n Madrid<\/h2>\n[\/vc_column_text][vc_gmaps link=&#8221;#E-8_JTNDaWZyYW1lJTIwc3JjJTNEJTIyaHR0cHMlM0ElMkYlMkZ3d3cuZ29vZ2xlLmNvbSUyRm1hcHMlMkZlbWJlZCUzRnBiJTNEJTIxMW0xOCUyMTFtMTIlMjExbTMlMjExZDMwMzUuNDg1Nzc3NDQ1NzE2NCUyMTJkLTMuNTk1ODM3MTg0Mjc1NzQyNiUyMTNkNDAuNDY0NTE2OTYwNjU1MTMlMjEybTMlMjExZjAlMjEyZjAlMjEzZjAlMjEzbTIlMjExaTEwMjQlMjEyaTc2OCUyMTRmMTMuMSUyMTNtMyUyMTFtMiUyMTFzMHhkNDIyZTMxYWI5ODg5M2YlMjUzQTB4ZGM3NGY2OTE2ZWJmNzRjNyUyMTJzQ2FsbGUlMkJkZSUyQmxhJTJCQmFoJTI1QzMlMjVBRGElMkJkZSUyQkMlMjVDMyUyNUExZGl6JTI1MkMlMkI2NSUyNTJDJTJCMjgwNDIlMkJNYWRyaWQlMjE1ZTAlMjEzbTIlMjExc2VzJTIxMnNlcyUyMTR2MTU0OTI5NDU5MzIxNSUyMiUyMHdpZHRoJTNEJTIyNjAwJTIyJTIwaGVpZ2h0JTNEJTIyNDUwJTIyJTIwZnJhbWVib3JkZXIlM0QlMjIwJTIyJTIwc3R5bGUlM0QlMjJib3JkZXIlM0EwJTIyJTIwYWxsb3dmdWxsc2NyZWVuJTNFJTNDJTJGaWZyYW1lJTNF&#8221;][\/vc_column][vc_column width=&#8221;1\/3&#8243;][vc_column_text]\n<h2 style=\"text-align: center;\">Delegaci\u00f3n Barcelona<\/h2>\n[\/vc_column_text][vc_gmaps link=&#8221;#E-8_JTNDaWZyYW1lJTIwc3JjJTNEJTIyaHR0cHMlM0ElMkYlMkZ3d3cuZ29vZ2xlLmNvbSUyRm1hcHMlMkZlbWJlZCUzRnBiJTNEJTIxMW0xOCUyMTFtMTIlMjExbTMlMjExZDI5OTIuMzQyMzkxODc2MTQ0JTIxMmQyLjEzNTE4ODYxNTc0NDI2NyUyMTNkNDEuNDEwMDg1NjAyNTUwMDglMjEybTMlMjExZjAlMjEyZjAlMjEzZjAlMjEzbTIlMjExaTEwMjQlMjEyaTc2OCUyMTRmMTMuMSUyMTNtMyUyMTFtMiUyMTFzMHgxMmE0OTg1ZTc3MTEwZTQ1JTI1M0EweDMzYTRkMjk4Y2I4MDQ3ZmUlMjEyc1pJUCUyQlpBUCUyQlNPQ0lBTCUyQlBSJTIxNWUwJTIxM20yJTIxMXNlcyUyMTJzZXMlMjE0djE1NDUzMDk2MDQ5MDYlMjIlMjB3aWR0aCUzRCUyMjYwMCUyMiUyMGhlaWdodCUzRCUyMjQ1MCUyMiUyMGZyYW1lYm9yZGVyJTNEJTIyMCUyMiUyMHN0eWxlJTNEJTIyYm9yZGVyJTNBMCUyMiUyMGFsbG93ZnVsbHNjcmVlbiUzRSUzQyUyRmlmcmFtZSUzRQ==&#8221;][\/vc_column][vc_column width=&#8221;1\/3&#8243;][vc_column_text]\n<h2 style=\"text-align: center;\">Delegaci\u00f3n Guadalajara<\/h2>\n[\/vc_column_text][vc_gmaps link=&#8221;#E-8_JTNDaWZyYW1lJTIwc3JjJTNEJTIyaHR0cHMlM0ElMkYlMkZ3d3cuZ29vZ2xlLmNvbSUyRm1hcHMlMkZlbWJlZCUzRnBiJTNEJTIxMW0xOCUyMTFtMTIlMjExbTMlMjExZDM3MzMuODg2MzM5MTQzMzk2JTIxMmQtMTAzLjQwMjU3Mzk4NDU4MDU0JTIxM2QyMC42MzM0ODkyMDY1MjkxODQlMjEybTMlMjExZjAlMjEyZjAlMjEzZjAlMjEzbTIlMjExaTEwMjQlMjEyaTc2OCUyMTRmMTMuMSUyMTNtMyUyMTFtMiUyMTFzMHg4NDI4YWRiNDE0N2M0MWNmJTI1M0EweDY3MTVhNDIxNTQ5ZGNkOTIlMjEyczNlciUyQnBpc28lMjUyQyUyQkF2JTJCQ3J1eiUyQmRlbCUyQlN1ciUyQjMxOTUlMjUyQyUyQkxvbWFzJTJCZGUlMkJMYSUyQlZpY3RvcmlhJTI1MkMlMkI0NTUyNyUyQlNhbiUyQlBlZHJvJTJCVGxhcXVlcGFxdWUlMjUyQyUyQkphbC4lMjUyQyUyQk0lMjVDMyUyNUE5eGljbyUyMTVlMCUyMTNtMiUyMTFzZXMlMjEyc2VzJTIxNHYxNTQ5Mjk1MjM2MjYxJTIyJTIwd2lkdGglM0QlMjI2MDAlMjIlMjBoZWlnaHQlM0QlMjI0NTAlMjIlMjBmcmFtZWJvcmRlciUzRCUyMjAlMjIlMjBzdHlsZSUzRCUyMmJvcmRlciUzQTAlMjIlMjBhbGxvd2Z1bGxzY3JlZW4lM0UlM0MlMkZpZnJhbWUlM0U=&#8221;][\/vc_column][\/vc_row][vc_row full_width=&#8221;stretch_row&#8221; content_placement=&#8221;middle&#8221; css=&#8221;.vc_custom_1546957069262{padding-right: 10px !important;padding-left: 10px !important;}&#8221;][vc_column width=&#8221;1\/4&#8243;][\/vc_column][vc_column width=&#8221;1\/2&#8243;]\n                <div class='gf_browser_gecko gform_wrapper' id='gform_wrapper_2' ><form method='post' enctype='multipart\/form-data'  id='gform_2'  action='\/ca\/wp-json\/wp\/v2\/pages\/2481\/'>\n                        <div class='gform_body'><ul id='gform_fields_2' class='gform_fields top_label form_sublabel_below description_below'><li id='field_2_1'  class='gfield gfield_contains_required field_sublabel_below field_description_below gfield_visibility_visible' ><label class='gfield_label' for='input_2_1' >Nom<span class='gfield_required'>*<\/span><\/label><div class='ginput_container ginput_container_text'><input name='input_1' id='input_2_1' type='text' value='' class='large'    aria-required=\"true\" aria-invalid=\"false\" \/><\/div><\/li><li id='field_2_2'  class='gfield gfield_contains_required field_sublabel_below field_description_below gfield_visibility_visible' ><label class='gfield_label' for='input_2_2' >Cognoms<span class='gfield_required'>*<\/span><\/label><div class='ginput_container ginput_container_text'><input name='input_2' id='input_2_2' type='text' value='' class='large'    aria-required=\"true\" aria-invalid=\"false\" \/><\/div><\/li><li id='field_2_8'  class='gfield field_sublabel_below field_description_below gfield_visibility_visible' ><label class='gfield_label' for='input_2_8' >Nom de la empresa<\/label><div class='ginput_container ginput_container_text'><input name='input_8' id='input_2_8' type='text' value='' class='large'     aria-invalid=\"false\" \/><\/div><\/li><li id='field_2_9'  class='gfield field_sublabel_below field_description_below gfield_visibility_visible' ><label class='gfield_label' for='input_2_9' >C\u00e0rrec<\/label><div class='ginput_container ginput_container_text'><input name='input_9' id='input_2_9' type='text' value='' class='large'     aria-invalid=\"false\" \/><\/div><\/li><li id='field_2_6'  class='gfield gfield_contains_required field_sublabel_below field_description_below gfield_visibility_visible' ><label class='gfield_label' for='input_2_6' >Email<span class='gfield_required'>*<\/span><\/label><div class='ginput_container ginput_container_email'>\n                            <input name='input_6' id='input_2_6' type='text' value='' class='large'    aria-required=\"true\" aria-invalid=\"false\"\/>\n                        <\/div><\/li><li id='field_2_15'  class='gfield field_sublabel_below field_description_below gfield_visibility_visible' ><label class='gfield_label' for='input_2_15' >Tel\u00e8fon<\/label><div class='ginput_container ginput_container_text'><input name='input_15' id='input_2_15' type='text' value='' class='medium'     aria-invalid=\"false\" \/><\/div><\/li><li id='field_2_3'  class='gfield gfield_contains_required field_sublabel_below field_description_below gfield_visibility_visible' ><label class='gfield_label' for='input_2_3' >Comentaris<span class='gfield_required'>*<\/span><\/label><div class='ginput_container ginput_container_textarea'><textarea name='input_3' id='input_2_3' class='textarea large'   aria-required=\"true\" aria-invalid=\"false\"   rows='10' cols='50'><\/textarea><\/div><\/li><li id='field_2_7'  class='gfield gfield_contains_required field_sublabel_below field_description_below gfield_visibility_visible' ><label class='gfield_label' for='input_2_7' >Delegaci\u00f3<span class='gfield_required'>*<\/span><\/label><div class='ginput_container ginput_container_select'><select name='input_7' id='input_2_7' class='medium gfield_select'   aria-required=\"true\" aria-invalid=\"false\"><option value='Delegaci\u00f3 Barcelona' >Delegaci\u00f3 Barcelona<\/option><option value='Delegaci\u00f3 Madrid' >Delegaci\u00f3 Madrid<\/option><option value='Delegaci\u00f3 Guadalajara' >Delegaci\u00f3 Guadalajara<\/option><\/select><\/div><\/li><li id='field_2_10'  class='gfield gfield_contains_required field_sublabel_below field_description_below gfield_visibility_visible' ><label class='gfield_label'  >Pol\u00edtica de privacitat<span class='gfield_required'>*<\/span><\/label><div class='ginput_container ginput_container_checkbox'><ul class='gfield_checkbox' id='input_2_10'><li class='gchoice_2_10_1'>\n\t\t\t\t\t\t\t\t<input name='input_10.1' type='checkbox'  value='He llegit i accepto la &lt;a href=&quot;\/ca\/politica-de-privacidad&quot; target=&quot;_blank&quot;&gt;pol\u00edtica de privacitat&lt;\/a&gt;'  id='choice_2_10_1'   \/>\n\t\t\t\t\t\t\t\t<label for='choice_2_10_1' id='label_2_10_1'>He llegit i accepto la <a href=\"\/ca\/politica-de-privacidad\" target=\"_blank\">pol\u00edtica de privacitat<\/a><\/label>\n\t\t\t\t\t\t\t<\/li><\/ul><\/div><\/li><li id='field_2_17'  class='gfield gfield_html gfield_html_formatted gfield_no_follows_desc field_sublabel_below field_description_below gfield_visibility_visible' >Los datos facilitados ser\u00e1n tratados bajo la responsabilidad de ZIP ZAP SOCIAL PR, SLU., con la finalidad de atender sus solicitudes, as\u00ed como ponernos en contacto con usted en relaci\u00f3n a su consulta. Trataremos sus datos con base en su consentimiento y los conservaremos durante la vigencia del mismo. Puede ejercer los derechos de protecci\u00f3n de datos ante el Responsable del tratamiento. Podr\u00e1 encontrar m\u00e1s informaci\u00f3n en nuestra <a href=\"\/politica-de-privacidad\/\" target=\"_blank\">Pol\u00edtica de Privacidad<\/a>.<\/li><li id='field_2_16'  class='gfield field_sublabel_below field_description_below gfield_visibility_visible' ><label class='gfield_label' for='input_2_16' ><\/label><div id='input_2_16' class='ginput_container ginput_recaptcha' data-sitekey='6LexeV0aAAAAAG5bhLrqO43-5zKSbfAGSqPKvury'  data-theme='light' data-tabindex='0'><\/div><\/li>\n                            <\/ul><\/div>\n        <div class='gform_footer top_label'> <input type='submit' id='gform_submit_button_2' class='gform_button button' value='Enviar' tabindex='1' onclick='if(window[\"gf_submitting_2\"]){return false;}  window[\"gf_submitting_2\"]=true;  ' onkeypress='if( event.keyCode == 13 ){ if(window[\"gf_submitting_2\"]){return false;} window[\"gf_submitting_2\"]=true;  jQuery(\"#gform_2\").trigger(\"submit\",[true]); }' \/> \n            <input type='hidden' class='gform_hidden' name='is_submit_2' value='1' \/>\n            <input type='hidden' class='gform_hidden' name='gform_submit' value='2' \/>\n            \n            <input type='hidden' class='gform_hidden' name='gform_unique_id' value='' \/>\n            <input type='hidden' class='gform_hidden' name='state_2' value='WyJbXSIsIjg2NmJhZTQ2OGZiNjdiMTI3MDc3MzYzZTFkMDJjN2UzIl0=' \/>\n            <input type='hidden' class='gform_hidden' name='gform_target_page_number_2' id='gform_target_page_number_2' value='0' \/>\n            <input type='hidden' class='gform_hidden' name='gform_source_page_number_2' id='gform_source_page_number_2' value='1' \/>\n            <input type='hidden' name='gform_field_values' value='' \/>\n            \n        <\/div>\n                        <\/form>\n                        <\/div><script type='text\/javascript'> if(typeof gf_global == 'undefined') var gf_global = {\"gf_currency_config\":{\"name\":\"Euro\",\"symbol_left\":\"\",\"symbol_right\":\"&#8364;\",\"symbol_padding\":\" \",\"thousand_separator\":\".\",\"decimal_separator\":\",\",\"decimals\":2},\"base_url\":\"https:\\\/\\\/zipzapsocial.com\\\/wp-content\\\/plugins\\\/gravityforms\",\"number_formats\":[],\"spinnerUrl\":\"https:\\\/\\\/zipzapsocial.com\\\/wp-content\\\/plugins\\\/gravityforms\\\/images\\\/spinner.gif\"};jQuery(document).bind('gform_post_render', function(event, formId, currentPage){if(formId == 2) {} } );jQuery(document).bind('gform_post_conditional_logic', function(event, formId, fields, isInit){} );<\/script><script type='text\/javascript'> jQuery(document).ready(function(){jQuery(document).trigger('gform_post_render', [2, 1]) } ); <\/script>[\/vc_column][vc_column width=&#8221;1\/4&#8243;][\/vc_column][\/vc_row]\n","protected":false},"excerpt":{"rendered":"<p>[vc_row gap=&#8221;5&#8243; disable_element=&#8221;yes&#8221;][vc_column width=&#8221;1\/3&#8243;][vc_column_text] Delegaci\u00f3n Madrid [\/vc_column_text][vc_gmaps link=&#8221;#E-8_JTNDaWZyYW1lJTIwc3JjJTNEJTIyaHR0cHMlM0ElMkYlMkZ3d3cuZ29vZ2xlLmNvbSUyRm1hcHMlMkZlbWJlZCUzRnBiJTNEJTIxMW0xOCUyMTFtMTIlMjExbTMlMjExZDMwMzUuNDg1Nzc3NDQ1NzE2NCUyMTJkLTMuNTk1ODM3MTg0Mjc1NzQyNiUyMTNkNDAuNDY0NTE2OTYwNjU1MTMlMjEybTMlMjExZjAlMjEyZjAlMjEzZjAlMjEzbTIlMjExaTEwMjQlMjEyaTc2OCUyMTRmMTMuMSUyMTNtMyUyMTFtMiUyMTFzMHhkNDIyZTMxYWI5ODg5M2YlMjUzQTB4ZGM3NGY2OTE2ZWJmNzRjNyUyMTJzQ2FsbGUlMkJkZSUyQmxhJTJCQmFoJTI1QzMlMjVBRGElMkJkZSUyQkMlMjVDMyUyNUExZGl6JTI1MkMlMkI2NSUyNTJDJTJCMjgwNDIlMkJNYWRyaWQlMjE1ZTAlMjEzbTIlMjExc2VzJTIxMnNlcyUyMTR2MTU0OTI5NDU5MzIxNSUyMiUyMHdpZHRoJTNEJTIyNjAwJTIyJTIwaGVpZ2h0JTNEJTIyNDUwJTIyJTIwZnJhbWVib3JkZXIlM0QlMjIwJTIyJTIwc3R5bGUlM0QlMjJib3JkZXIlM0EwJTIyJTIwYWxsb3dmdWxsc2NyZWVuJTNFJTNDJTJGaWZyYW1lJTNF&#8221;][\/vc_column][vc_column width=&#8221;1\/3&#8243;][vc_column_text] Delegaci\u00f3n Barcelona [\/vc_column_text][vc_gmaps link=&#8221;#E-8_JTNDaWZyYW1lJTIwc3JjJTNEJTIyaHR0cHMlM0ElMkYlMkZ3d3cuZ29vZ2xlLmNvbSUyRm1hcHMlMkZlbWJlZCUzRnBiJTNEJTIxMW0xOCUyMTFtMTIlMjExbTMlMjExZDI5OTIuMzQyMzkxODc2MTQ0JTIxMmQyLjEzNTE4ODYxNTc0NDI2NyUyMTNkNDEuNDEwMDg1NjAyNTUwMDglMjEybTMlMjExZjAlMjEyZjAlMjEzZjAlMjEzbTIlMjExaTEwMjQlMjEyaTc2OCUyMTRmMTMuMSUyMTNtMyUyMTFtMiUyMTFzMHgxMmE0OTg1ZTc3MTEwZTQ1JTI1M0EweDMzYTRkMjk4Y2I4MDQ3ZmUlMjEyc1pJUCUyQlpBUCUyQlNPQ0lBTCUyQlBSJTIxNWUwJTIxM20yJTIxMXNlcyUyMTJzZXMlMjE0djE1NDUzMDk2MDQ5MDYlMjIlMjB3aWR0aCUzRCUyMjYwMCUyMiUyMGhlaWdodCUzRCUyMjQ1MCUyMiUyMGZyYW1lYm9yZGVyJTNEJTIyMCUyMiUyMHN0eWxlJTNEJTIyYm9yZGVyJTNBMCUyMiUyMGFsbG93ZnVsbHNjcmVlbiUzRSUzQyUyRmlmcmFtZSUzRQ==&#8221;][\/vc_column][vc_column width=&#8221;1\/3&#8243;][vc_column_text] Delegaci\u00f3n Guadalajara [\/vc_column_text][vc_gmaps link=&#8221;#E-8_JTNDaWZyYW1lJTIwc3JjJTNEJTIyaHR0cHMlM0ElMkYlMkZ3d3cuZ29vZ2xlLmNvbSUyRm1hcHMlMkZlbWJlZCUzRnBiJTNEJTIxMW0xOCUyMTFtMTIlMjExbTMlMjExZDM3MzMuODg2MzM5MTQzMzk2JTIxMmQtMTAzLjQwMjU3Mzk4NDU4MDU0JTIxM2QyMC42MzM0ODkyMDY1MjkxODQlMjEybTMlMjExZjAlMjEyZjAlMjEzZjAlMjEzbTIlMjExaTEwMjQlMjEyaTc2OCUyMTRmMTMuMSUyMTNtMyUyMTFtMiUyMTFzMHg4NDI4YWRiNDE0N2M0MWNmJTI1M0EweDY3MTVhNDIxNTQ5ZGNkOTIlMjEyczNlciUyQnBpc28lMjUyQyUyQkF2JTJCQ3J1eiUyQmRlbCUyQlN1ciUyQjMxOTUlMjUyQyUyQkxvbWFzJTJCZGUlMkJMYSUyQlZpY3RvcmlhJTI1MkMlMkI0NTUyNyUyQlNhbiUyQlBlZHJvJTJCVGxhcXVlcGFxdWUlMjUyQyUyQkphbC4lMjUyQyUyQk0lMjVDMyUyNUE5eGljbyUyMTVlMCUyMTNtMiUyMTFzZXMlMjEyc2VzJTIxNHYxNTQ5Mjk1MjM2MjYxJTIyJTIwd2lkdGglM0QlMjI2MDAlMjIlMjBoZWlnaHQlM0QlMjI0NTAlMjIlMjBmcmFtZWJvcmRlciUzRCUyMjAlMjIlMjBzdHlsZSUzRCUyMmJvcmRlciUzQTAlMjIlMjBhbGxvd2Z1bGxzY3JlZW4lM0UlM0MlMkZpZnJhbWUlM0U=&#8221;][\/vc_column][\/vc_row][vc_row full_width=&#8221;stretch_row&#8221; content_placement=&#8221;middle&#8221; css=&#8221;.vc_custom_1546957069262{padding-right: 10px !important;padding-left: 10px !important;}&#8221;][vc_column width=&#8221;1\/4&#8243;][\/vc_column][vc_column width=&#8221;1\/2&#8243;][\/vc_column][vc_column width=&#8221;1\/4&#8243;][\/vc_column][\/vc_row]<\/p>\n","protected":false},"author":3,"featured_media":0,"parent":0,"menu_order":0,"comment_status":"closed","ping_status":"closed","template":"","meta":[],"yoast_head":"<!-- This site is optimized with the Yoast SEO plugin v18.3 - https:\/\/yoast.com\/wordpress\/plugins\/seo\/ -->\n<title>CONTACTE - ZipZap Social<\/title>\n<meta name=\"robots\" content=\"index, follow, max-snippet:-1, max-image-preview:large, max-video-preview:-1\" \/>\n<link rel=\"canonical\" href=\"https:\/\/zipzapsocial.com\/ca\/contacto\/\" \/>\n<meta property=\"og:locale\" content=\"ca_ES\" \/>\n<meta property=\"og:type\" content=\"article\" \/>\n<meta property=\"og:title\" content=\"CONTACTE - ZipZap Social\" \/>\n<meta property=\"og:description\" content=\"[vc_row gap=&#8221;5&#8243; disable_element=&#8221;yes&#8221;][vc_column width=&#8221;1\/3&#8243;][vc_column_text] Delegaci\u00f3n Madrid [\/vc_column_text][vc_gmaps link=&#8221;#E-8_JTNDaWZyYW1lJTIwc3JjJTNEJTIyaHR0cHMlM0ElMkYlMkZ3d3cuZ29vZ2xlLmNvbSUyRm1hcHMlMkZlbWJlZCUzRnBiJTNEJTIxMW0xOCUyMTFtMTIlMjExbTMlMjExZDMwMzUuNDg1Nzc3NDQ1NzE2NCUyMTJkLTMuNTk1ODM3MTg0Mjc1NzQyNiUyMTNkNDAuNDY0NTE2OTYwNjU1MTMlMjEybTMlMjExZjAlMjEyZjAlMjEzZjAlMjEzbTIlMjExaTEwMjQlMjEyaTc2OCUyMTRmMTMuMSUyMTNtMyUyMTFtMiUyMTFzMHhkNDIyZTMxYWI5ODg5M2YlMjUzQTB4ZGM3NGY2OTE2ZWJmNzRjNyUyMTJzQ2FsbGUlMkJkZSUyQmxhJTJCQmFoJTI1QzMlMjVBRGElMkJkZSUyQkMlMjVDMyUyNUExZGl6JTI1MkMlMkI2NSUyNTJDJTJCMjgwNDIlMkJNYWRyaWQlMjE1ZTAlMjEzbTIlMjExc2VzJTIxMnNlcyUyMTR2MTU0OTI5NDU5MzIxNSUyMiUyMHdpZHRoJTNEJTIyNjAwJTIyJTIwaGVpZ2h0JTNEJTIyNDUwJTIyJTIwZnJhbWVib3JkZXIlM0QlMjIwJTIyJTIwc3R5bGUlM0QlMjJib3JkZXIlM0EwJTIyJTIwYWxsb3dmdWxsc2NyZWVuJTNFJTNDJTJGaWZyYW1lJTNF&#8221;][\/vc_column][vc_column width=&#8221;1\/3&#8243;][vc_column_text] Delegaci\u00f3n Barcelona [\/vc_column_text][vc_gmaps link=&#8221;#E-8_JTNDaWZyYW1lJTIwc3JjJTNEJTIyaHR0cHMlM0ElMkYlMkZ3d3cuZ29vZ2xlLmNvbSUyRm1hcHMlMkZlbWJlZCUzRnBiJTNEJTIxMW0xOCUyMTFtMTIlMjExbTMlMjExZDI5OTIuMzQyMzkxODc2MTQ0JTIxMmQyLjEzNTE4ODYxNTc0NDI2NyUyMTNkNDEuNDEwMDg1NjAyNTUwMDglMjEybTMlMjExZjAlMjEyZjAlMjEzZjAlMjEzbTIlMjExaTEwMjQlMjEyaTc2OCUyMTRmMTMuMSUyMTNtMyUyMTFtMiUyMTFzMHgxMmE0OTg1ZTc3MTEwZTQ1JTI1M0EweDMzYTRkMjk4Y2I4MDQ3ZmUlMjEyc1pJUCUyQlpBUCUyQlNPQ0lBTCUyQlBSJTIxNWUwJTIxM20yJTIxMXNlcyUyMTJzZXMlMjE0djE1NDUzMDk2MDQ5MDYlMjIlMjB3aWR0aCUzRCUyMjYwMCUyMiUyMGhlaWdodCUzRCUyMjQ1MCUyMiUyMGZyYW1lYm9yZGVyJTNEJTIyMCUyMiUyMHN0eWxlJTNEJTIyYm9yZGVyJTNBMCUyMiUyMGFsbG93ZnVsbHNjcmVlbiUzRSUzQyUyRmlmcmFtZSUzRQ==&#8221;][\/vc_column][vc_column width=&#8221;1\/3&#8243;][vc_column_text] Delegaci\u00f3n Guadalajara [\/vc_column_text][vc_gmaps link=&#8221;#E-8_JTNDaWZyYW1lJTIwc3JjJTNEJTIyaHR0cHMlM0ElMkYlMkZ3d3cuZ29vZ2xlLmNvbSUyRm1hcHMlMkZlbWJlZCUzRnBiJTNEJTIxMW0xOCUyMTFtMTIlMjExbTMlMjExZDM3MzMuODg2MzM5MTQzMzk2JTIxMmQtMTAzLjQwMjU3Mzk4NDU4MDU0JTIxM2QyMC42MzM0ODkyMDY1MjkxODQlMjEybTMlMjExZjAlMjEyZjAlMjEzZjAlMjEzbTIlMjExaTEwMjQlMjEyaTc2OCUyMTRmMTMuMSUyMTNtMyUyMTFtMiUyMTFzMHg4NDI4YWRiNDE0N2M0MWNmJTI1M0EweDY3MTVhNDIxNTQ5ZGNkOTIlMjEyczNlciUyQnBpc28lMjUyQyUyQkF2JTJCQ3J1eiUyQmRlbCUyQlN1ciUyQjMxOTUlMjUyQyUyQkxvbWFzJTJCZGUlMkJMYSUyQlZpY3RvcmlhJTI1MkMlMkI0NTUyNyUyQlNhbiUyQlBlZHJvJTJCVGxhcXVlcGFxdWUlMjUyQyUyQkphbC4lMjUyQyUyQk0lMjVDMyUyNUE5eGljbyUyMTVlMCUyMTNtMiUyMTFzZXMlMjEyc2VzJTIxNHYxNTQ5Mjk1MjM2MjYxJTIyJTIwd2lkdGglM0QlMjI2MDAlMjIlMjBoZWlnaHQlM0QlMjI0NTAlMjIlMjBmcmFtZWJvcmRlciUzRCUyMjAlMjIlMjBzdHlsZSUzRCUyMmJvcmRlciUzQTAlMjIlMjBhbGxvd2Z1bGxzY3JlZW4lM0UlM0MlMkZpZnJhbWUlM0U=&#8221;][\/vc_column][\/vc_row][vc_row full_width=&#8221;stretch_row&#8221; content_placement=&#8221;middle&#8221; css=&#8221;.vc_custom_1546957069262{padding-right: 10px !important;padding-left: 10px !important;}&#8221;][vc_column width=&#8221;1\/4&#8243;][\/vc_column][vc_column width=&#8221;1\/2&#8243;][\/vc_column][vc_column width=&#8221;1\/4&#8243;][\/vc_column][\/vc_row]\" \/>\n<meta property=\"og:url\" content=\"https:\/\/zipzapsocial.com\/ca\/contacto\/\" \/>\n<meta property=\"og:site_name\" content=\"ZipZap Social\" \/>\n<meta property=\"article:modified_time\" content=\"2019-02-21T12:42:22+00:00\" \/>\n<meta name=\"twitter:card\" content=\"summary_large_image\" \/>\n<meta name=\"twitter:label1\" content=\"Temps estimat de lectura\" \/>\n\t<meta name=\"twitter:data1\" content=\"1 minut\" \/>\n<script type=\"application\/ld+json\" class=\"yoast-schema-graph\">{\"@context\":\"https:\/\/schema.org\",\"@graph\":[{\"@type\":\"WebSite\",\"@id\":\"https:\/\/zipzapsocial.com\/#website\",\"url\":\"https:\/\/zipzapsocial.com\/\",\"name\":\"ZipZap Social\",\"description\":\"Just another WordPress site\",\"potentialAction\":[{\"@type\":\"SearchAction\",\"target\":{\"@type\":\"EntryPoint\",\"urlTemplate\":\"https:\/\/zipzapsocial.com\/?s={search_term_string}\"},\"query-input\":\"required name=search_term_string\"}],\"inLanguage\":\"ca\"},{\"@type\":\"WebPage\",\"@id\":\"https:\/\/zipzapsocial.com\/ca\/contacto\/#webpage\",\"url\":\"https:\/\/zipzapsocial.com\/ca\/contacto\/\",\"name\":\"CONTACTE - ZipZap Social\",\"isPartOf\":{\"@id\":\"https:\/\/zipzapsocial.com\/#website\"},\"datePublished\":\"2018-12-12T10:46:00+00:00\",\"dateModified\":\"2019-02-21T12:42:22+00:00\",\"breadcrumb\":{\"@id\":\"https:\/\/zipzapsocial.com\/ca\/contacto\/#breadcrumb\"},\"inLanguage\":\"ca\",\"potentialAction\":[{\"@type\":\"ReadAction\",\"target\":[\"https:\/\/zipzapsocial.com\/ca\/contacto\/\"]}]},{\"@type\":\"BreadcrumbList\",\"@id\":\"https:\/\/zipzapsocial.com\/ca\/contacto\/#breadcrumb\",\"itemListElement\":[{\"@type\":\"ListItem\",\"position\":1,\"name\":\"Portada\",\"item\":\"https:\/\/zipzapsocial.com\/ca\/\"},{\"@type\":\"ListItem\",\"position\":2,\"name\":\"CONTACTE\"}]}]}<\/script>\n<!-- \/ Yoast SEO plugin. -->","yoast_head_json":{"title":"CONTACTE - ZipZap Social","robots":{"index":"index","follow":"follow","max-snippet":"max-snippet:-1","max-image-preview":"max-image-preview:large","max-video-preview":"max-video-preview:-1"},"canonical":"https:\/\/zipzapsocial.com\/ca\/contacto\/","og_locale":"ca_ES","og_type":"article","og_title":"CONTACTE - ZipZap Social","og_description":"[vc_row gap=&#8221;5&#8243; disable_element=&#8221;yes&#8221;][vc_column width=&#8221;1\/3&#8243;][vc_column_text] Delegaci\u00f3n Madrid [\/vc_column_text][vc_gmaps link=&#8221;#E-8_JTNDaWZyYW1lJTIwc3JjJTNEJTIyaHR0cHMlM0ElMkYlMkZ3d3cuZ29vZ2xlLmNvbSUyRm1hcHMlMkZlbWJlZCUzRnBiJTNEJTIxMW0xOCUyMTFtMTIlMjExbTMlMjExZDMwMzUuNDg1Nzc3NDQ1NzE2NCUyMTJkLTMuNTk1ODM3MTg0Mjc1NzQyNiUyMTNkNDAuNDY0NTE2OTYwNjU1MTMlMjEybTMlMjExZjAlMjEyZjAlMjEzZjAlMjEzbTIlMjExaTEwMjQlMjEyaTc2OCUyMTRmMTMuMSUyMTNtMyUyMTFtMiUyMTFzMHhkNDIyZTMxYWI5ODg5M2YlMjUzQTB4ZGM3NGY2OTE2ZWJmNzRjNyUyMTJzQ2FsbGUlMkJkZSUyQmxhJTJCQmFoJTI1QzMlMjVBRGElMkJkZSUyQkMlMjVDMyUyNUExZGl6JTI1MkMlMkI2NSUyNTJDJTJCMjgwNDIlMkJNYWRyaWQlMjE1ZTAlMjEzbTIlMjExc2VzJTIxMnNlcyUyMTR2MTU0OTI5NDU5MzIxNSUyMiUyMHdpZHRoJTNEJTIyNjAwJTIyJTIwaGVpZ2h0JTNEJTIyNDUwJTIyJTIwZnJhbWVib3JkZXIlM0QlMjIwJTIyJTIwc3R5bGUlM0QlMjJib3JkZXIlM0EwJTIyJTIwYWxsb3dmdWxsc2NyZWVuJTNFJTNDJTJGaWZyYW1lJTNF&#8221;][\/vc_column][vc_column width=&#8221;1\/3&#8243;][vc_column_text] Delegaci\u00f3n Barcelona [\/vc_column_text][vc_gmaps link=&#8221;#E-8_JTNDaWZyYW1lJTIwc3JjJTNEJTIyaHR0cHMlM0ElMkYlMkZ3d3cuZ29vZ2xlLmNvbSUyRm1hcHMlMkZlbWJlZCUzRnBiJTNEJTIxMW0xOCUyMTFtMTIlMjExbTMlMjExZDI5OTIuMzQyMzkxODc2MTQ0JTIxMmQyLjEzNTE4ODYxNTc0NDI2NyUyMTNkNDEuNDEwMDg1NjAyNTUwMDglMjEybTMlMjExZjAlMjEyZjAlMjEzZjAlMjEzbTIlMjExaTEwMjQlMjEyaTc2OCUyMTRmMTMuMSUyMTNtMyUyMTFtMiUyMTFzMHgxMmE0OTg1ZTc3MTEwZTQ1JTI1M0EweDMzYTRkMjk4Y2I4MDQ3ZmUlMjEyc1pJUCUyQlpBUCUyQlNPQ0lBTCUyQlBSJTIxNWUwJTIxM20yJTIxMXNlcyUyMTJzZXMlMjE0djE1NDUzMDk2MDQ5MDYlMjIlMjB3aWR0aCUzRCUyMjYwMCUyMiUyMGhlaWdodCUzRCUyMjQ1MCUyMiUyMGZyYW1lYm9yZGVyJTNEJTIyMCUyMiUyMHN0eWxlJTNEJTIyYm9yZGVyJTNBMCUyMiUyMGFsbG93ZnVsbHNjcmVlbiUzRSUzQyUyRmlmcmFtZSUzRQ==&#8221;][\/vc_column][vc_column width=&#8221;1\/3&#8243;][vc_column_text] Delegaci\u00f3n Guadalajara [\/vc_column_text][vc_gmaps link=&#8221;#E-8_JTNDaWZyYW1lJTIwc3JjJTNEJTIyaHR0cHMlM0ElMkYlMkZ3d3cuZ29vZ2xlLmNvbSUyRm1hcHMlMkZlbWJlZCUzRnBiJTNEJTIxMW0xOCUyMTFtMTIlMjExbTMlMjExZDM3MzMuODg2MzM5MTQzMzk2JTIxMmQtMTAzLjQwMjU3Mzk4NDU4MDU0JTIxM2QyMC42MzM0ODkyMDY1MjkxODQlMjEybTMlMjExZjAlMjEyZjAlMjEzZjAlMjEzbTIlMjExaTEwMjQlMjEyaTc2OCUyMTRmMTMuMSUyMTNtMyUyMTFtMiUyMTFzMHg4NDI4YWRiNDE0N2M0MWNmJTI1M0EweDY3MTVhNDIxNTQ5ZGNkOTIlMjEyczNlciUyQnBpc28lMjUyQyUyQkF2JTJCQ3J1eiUyQmRlbCUyQlN1ciUyQjMxOTUlMjUyQyUyQkxvbWFzJTJCZGUlMkJMYSUyQlZpY3RvcmlhJTI1MkMlMkI0NTUyNyUyQlNhbiUyQlBlZHJvJTJCVGxhcXVlcGFxdWUlMjUyQyUyQkphbC4lMjUyQyUyQk0lMjVDMyUyNUE5eGljbyUyMTVlMCUyMTNtMiUyMTFzZXMlMjEyc2VzJTIxNHYxNTQ5Mjk1MjM2MjYxJTIyJTIwd2lkdGglM0QlMjI2MDAlMjIlMjBoZWlnaHQlM0QlMjI0NTAlMjIlMjBmcmFtZWJvcmRlciUzRCUyMjAlMjIlMjBzdHlsZSUzRCUyMmJvcmRlciUzQTAlMjIlMjBhbGxvd2Z1bGxzY3JlZW4lM0UlM0MlMkZpZnJhbWUlM0U=&#8221;][\/vc_column][\/vc_row][vc_row full_width=&#8221;stretch_row&#8221; content_placement=&#8221;middle&#8221; css=&#8221;.vc_custom_1546957069262{padding-right: 10px !important;padding-left: 10px !important;}&#8221;][vc_column width=&#8221;1\/4&#8243;][\/vc_column][vc_column width=&#8221;1\/2&#8243;][\/vc_column][vc_column width=&#8221;1\/4&#8243;][\/vc_column][\/vc_row]","og_url":"https:\/\/zipzapsocial.com\/ca\/contacto\/","og_site_name":"ZipZap Social","article_modified_time":"2019-02-21T12:42:22+00:00","twitter_card":"summary_large_image","twitter_misc":{"Temps estimat de lectura":"1 minut"},"schema":{"@context":"https:\/\/schema.org","@graph":[{"@type":"WebSite","@id":"https:\/\/zipzapsocial.com\/#website","url":"https:\/\/zipzapsocial.com\/","name":"ZipZap Social","description":"Just another WordPress site","potentialAction":[{"@type":"SearchAction","target":{"@type":"EntryPoint","urlTemplate":"https:\/\/zipzapsocial.com\/?s={search_term_string}"},"query-input":"required name=search_term_string"}],"inLanguage":"ca"},{"@type":"WebPage","@id":"https:\/\/zipzapsocial.com\/ca\/contacto\/#webpage","url":"https:\/\/zipzapsocial.com\/ca\/contacto\/","name":"CONTACTE - ZipZap Social","isPartOf":{"@id":"https:\/\/zipzapsocial.com\/#website"},"datePublished":"2018-12-12T10:46:00+00:00","dateModified":"2019-02-21T12:42:22+00:00","breadcrumb":{"@id":"https:\/\/zipzapsocial.com\/ca\/contacto\/#breadcrumb"},"inLanguage":"ca","potentialAction":[{"@type":"ReadAction","target":["https:\/\/zipzapsocial.com\/ca\/contacto\/"]}]},{"@type":"BreadcrumbList","@id":"https:\/\/zipzapsocial.com\/ca\/contacto\/#breadcrumb","itemListElement":[{"@type":"ListItem","position":1,"name":"Portada","item":"https:\/\/zipzapsocial.com\/ca\/"},{"@type":"ListItem","position":2,"name":"CONTACTE"}]}]}},"_links":{"self":[{"href":"https:\/\/zipzapsocial.com\/ca\/wp-json\/wp\/v2\/pages\/2481\/"}],"collection":[{"href":"https:\/\/zipzapsocial.com\/ca\/wp-json\/wp\/v2\/pages\/"}],"about":[{"href":"https:\/\/zipzapsocial.com\/ca\/wp-json\/wp\/v2\/types\/page\/"}],"author":[{"embeddable":true,"href":"https:\/\/zipzapsocial.com\/ca\/wp-json\/wp\/v2\/users\/3\/"}],"replies":[{"embeddable":true,"href":"https:\/\/zipzapsocial.com\/ca\/wp-json\/wp\/v2\/comments\/?post=2481"}],"version-history":[{"count":3,"href":"https:\/\/zipzapsocial.com\/ca\/wp-json\/wp\/v2\/pages\/2481\/revisions\/"}],"predecessor-version":[{"id":2619,"href":"https:\/\/zipzapsocial.com\/ca\/wp-json\/wp\/v2\/pages\/2481\/revisions\/2619\/"}],"wp:attachment":[{"href":"https:\/\/zipzapsocial.com\/ca\/wp-json\/wp\/v2\/media\/?parent=2481"}],"curies":[{"name":"wp","href":"https:\/\/api.w.org\/{rel}","templated":true}]}}