{"id":2421,"date":"2018-12-12T10:43:44","date_gmt":"2018-12-12T10:43:44","guid":{"rendered":"http:\/\/zipzapsocial.com\/servicios\/"},"modified":"2021-02-05T10:42:32","modified_gmt":"2021-02-05T10:42:32","slug":"servicios","status":"publish","type":"page","link":"https:\/\/zipzapsocial.com\/ca\/servicios\/","title":{"rendered":"SERVEIS"},"content":{"rendered":"[vc_row full_width=&#8221;stretch_row_content&#8221; equal_height=&#8221;yes&#8221; min_height=&#8221;400&#8243;][vc_column width=&#8221;1\/2&#8243; el_class=&#8221;centrado altura-casilla&#8221; css=&#8221;.vc_custom_1546855558602{background-image: url(http:\/\/zipzapsocial.com\/wp-content\/uploads\/2018\/12\/zip1.jpg?id=290) !important;background-position: center !important;background-repeat: no-repeat !important;background-size: cover !important;}&#8221;][vc_column_text]\n<div>\n<h1 class=\"titulo-caja\">Planificaci\u00f3 estrat\u00e8gica<\/h1>\n<\/div>\n[\/vc_column_text][\/vc_column][vc_column width=&#8221;1\/2&#8243; el_class=&#8221;altura-casilla2 centrado2&#8243;][vc_column_text]\n<div style=\"width: 80%; margin: auto;\">\n<aside>Creaci\u00f3 del relat<br \/>\nBenchmarking (on i off)<br \/>\nEstudi de paraules clau<br \/>\nCreaci\u00f3 del pla d\u2019accions<br \/>\nCreaci\u00f3 de claims<br \/>\nDAFO\u2019s<br \/>\nP\u00fablics objectius<\/aside>\n<\/div>\n[\/vc_column_text][\/vc_column][\/vc_row][vc_row full_width=&#8221;stretch_row_content&#8221; equal_height=&#8221;yes&#8221; columns_right=&#8221;yes&#8221; min_height=&#8221;400&#8243; el_id=&#8221;branding&#8221;][vc_column width=&#8221;1\/2&#8243; el_class=&#8221;centrado altura-casilla&#8221; css=&#8221;.vc_custom_1546855572994{background-image: url(http:\/\/zipzapsocial.com\/wp-content\/uploads\/2018\/12\/zip2.jpg?id=291) !important;background-position: center !important;background-repeat: no-repeat !important;background-size: cover !important;}&#8221;][vc_column_text]\n<div>\n<h1 class=\"titulo-caja\">Branding<\/h1>\n<\/div>\n[\/vc_column_text][\/vc_column][vc_column width=&#8221;1\/2&#8243; el_class=&#8221;centrado2 altura-casilla2&#8243;][vc_row_inner el_id=&#8221;branding-deskopt&#8221;][vc_column_inner width=&#8221;1\/2&#8243;][vc_column_text]\n<div style=\"width: 80%; margin: auto;\">\n<aside>\n<h1><span style=\"font-weight: 400;\">Text<\/span><\/h1>\n<p><span style=\"font-weight: 400;\">Copywriting: articles per a web i Xarxes Socials<\/span><\/p>\n<p><span style=\"font-weight: 400;\">Notes de premsa <\/span><\/p>\n<p><span style=\"font-weight: 400;\">SEO aplicat als continguts<\/span><\/p>\n<h1><span style=\"font-weight: 400;\">Imatge<\/span><\/h1>\n<p><span style=\"font-weight: 400;\">Disseny d\u2019imatge de marca<\/span><\/p>\n<p><span style=\"font-weight: 400;\">Elaboraci\u00f3 de material gr\u00e0fic: cartells, banners, anuncis\u2026<\/span><\/p>\n<p><span style=\"font-weight: 400;\">Fotografia<\/span><\/p>\n<p><span style=\"font-weight: 400;\">De producte<\/span><\/p>\n<p><span style=\"font-weight: 400;\">D\u2019exteriors<\/span><\/p>\n<p><span style=\"font-weight: 400;\">D\u2019esdeveniments<\/span><\/p>\n<\/aside>\n<\/div>\n[\/vc_column_text][\/vc_column_inner][vc_column_inner width=&#8221;1\/2&#8243;][vc_column_text]\n<div style=\"width: 80%; margin: auto;\">\n<aside>\n<h1><span style=\"font-weight: 400;\">V\u00eddeo<\/span><\/h1>\n<p><span style=\"font-weight: 400;\">Producci\u00f3 d\u2019anuncis<\/span><\/p>\n<p><span style=\"font-weight: 400;\">V\u00eddeo reportatges<\/span><\/p>\n<p><span style=\"font-weight: 400;\">Muntatges<\/span><\/p>\n<p><span style=\"font-weight: 400;\">Entrevistes<\/span><\/p>\n<p><span style=\"font-weight: 400;\">Animacions<\/span><\/p>\n<p><span style=\"font-weight: 400;\">V\u00eddeos virals<\/span><\/p>\n<h1><span style=\"font-weight: 400;\">Publicacions<\/span><\/h1>\n<p><span style=\"font-weight: 400;\">En format digital<\/span><\/p>\n<p><span style=\"font-weight: 400;\">En format paper<\/span><\/p>\n<\/aside>\n<\/div>\n[\/vc_column_text][\/vc_column_inner][\/vc_row_inner][vc_column_text el_id=&#8221;branding-movil&#8221;]\n<div style=\"width: 80%; margin: auto;\">\n<aside>\n<h1><span style=\"font-weight: 400;\">Text<\/span><\/h1>\n<p><span style=\"font-weight: 400;\">Copywriting: articles per a web i Xarxes Socials<\/span><\/p>\n<p><span style=\"font-weight: 400;\">Notes de premsa <\/span><\/p>\n<p><span style=\"font-weight: 400;\">SEO aplicat als continguts<\/span><\/p>\n<h1><span style=\"font-weight: 400;\">Imatge<\/span><\/h1>\n<p><span style=\"font-weight: 400;\">Disseny d\u2019imatge de marca<\/span><\/p>\n<p><span style=\"font-weight: 400;\">Elaboraci\u00f3 de material gr\u00e0fic: cartells, banners, anuncis\u2026<\/span><\/p>\n<p><span style=\"font-weight: 400;\">Fotografia<\/span><\/p>\n<p><span style=\"font-weight: 400;\">De producte<\/span><\/p>\n<p><span style=\"font-weight: 400;\">D\u2019exteriors<\/span><\/p>\n<p><span style=\"font-weight: 400;\">D\u2019esdeveniments<\/span><\/p>\n<h1><span style=\"font-weight: 400;\">V\u00eddeo<\/span><\/h1>\n<p><span style=\"font-weight: 400;\">Producci\u00f3 d\u2019anuncis<\/span><\/p>\n<p><span style=\"font-weight: 400;\">V\u00eddeo reportatges<\/span><\/p>\n<p><span style=\"font-weight: 400;\">Muntatges<\/span><\/p>\n<p><span style=\"font-weight: 400;\">Entrevistes<\/span><\/p>\n<p><span style=\"font-weight: 400;\">Animacions<\/span><\/p>\n<p><span style=\"font-weight: 400;\">V\u00eddeos virals<\/span><\/p>\n<h1><span style=\"font-weight: 400;\">Publicacions<\/span><\/h1>\n<p><span style=\"font-weight: 400;\">En format digital<\/span><\/p>\n<p><span style=\"font-weight: 400;\">En format paper<\/span><\/p>\n<\/aside>\n<\/div>\n[\/vc_column_text][\/vc_column][\/vc_row][vc_row full_width=&#8221;stretch_row_content&#8221; equal_height=&#8221;yes&#8221; min_height=&#8221;400&#8243; el_id=&#8221;difusion&#8221;][vc_column width=&#8221;1\/2&#8243; el_class=&#8221;centrado altura-casilla&#8221; css=&#8221;.vc_custom_1546855608664{background-image: url(http:\/\/zipzapsocial.com\/wp-content\/uploads\/2018\/12\/zip3.jpg?id=292) !important;}&#8221;][vc_column_text]\n<h1 class=\"titulo-caja\"><b>Espais de difusi\u00f3<\/b><\/h1>\n[\/vc_column_text][\/vc_column][vc_column width=&#8221;1\/2&#8243; el_class=&#8221;centrado2 altura-casilla2&#8243;][vc_column_text]\n<div style=\"width: 80%; margin: auto;\">\n<aside>\n<h1><span style=\"font-weight: 400;\">Online<\/span><\/h1>\n<p>Email marketing<\/p>\n<p><span style=\"font-weight: 400;\">Social Media Marketing<\/span><\/p>\n<p><span style=\"font-weight: 400;\">Marketing d\u2019influencers<\/span><\/p>\n<h1><span style=\"font-weight: 400;\">Mix online \/ offline<\/span><\/h1>\n<p><span style=\"font-weight: 400;\">Mitjans de comunicaci\u00f3<\/span><\/p>\n<p><span style=\"font-weight: 400;\">Esdeveniments<\/span><\/p>\n<h1><span style=\"font-weight: 400;\">Offline<\/span><\/h1>\n<p><span style=\"font-weight: 400;\">Papereria<\/span><\/p>\n<\/aside>\n<\/div>\n[\/vc_column_text][\/vc_column][\/vc_row][vc_row full_width=&#8221;stretch_row_content&#8221; equal_height=&#8221;yes&#8221; columns_right=&#8221;yes&#8221; min_height=&#8221;400&#8243; el_id=&#8221;relaciones&#8221;][vc_column width=&#8221;1\/2&#8243; el_class=&#8221;centrado altura-casilla&#8221; css=&#8221;.vc_custom_1546855613608{background-image: url(http:\/\/zipzapsocial.com\/wp-content\/uploads\/2018\/12\/zip4.jpg?id=293) !important;background-position: center !important;background-repeat: no-repeat !important;background-size: cover !important;}&#8221;][vc_column_text]\n<h1 class=\"titulo-caja\"><b>Relacions p\u00fabliques<\/b><\/h1>\n[\/vc_column_text][\/vc_column][vc_column width=&#8221;1\/2&#8243; el_class=&#8221;centrado2 altura-casilla2&#8243;][vc_column_text]\n<div style=\"width: 80%; margin: auto;\">\n<aside><span style=\"font-weight: 400;\">Relacions amb els mitjans de comunicaci\u00f3<\/span><br \/>\n<span style=\"font-weight: 400;\">Redacci\u00f3 i distribuci\u00f3 de la informaci\u00f3<\/span><br \/>\n<span style=\"font-weight: 400;\">Entrevistes i reportatges<\/span><br \/>\n<span style=\"font-weight: 400;\">Press Kit<\/span><\/aside>\n<\/div>\n[\/vc_column_text][\/vc_column][\/vc_row][vc_row full_width=&#8221;stretch_row_content&#8221; equal_height=&#8221;yes&#8221; min_height=&#8221;400&#8243; el_id=&#8221;publi&#8221;][vc_column width=&#8221;1\/2&#8243; el_class=&#8221;centrado altura-casilla&#8221; css=&#8221;.vc_custom_1546855616848{background-image: url(http:\/\/zipzapsocial.com\/wp-content\/uploads\/2018\/12\/zip5.jpg?id=294) !important;background-position: center !important;background-repeat: no-repeat !important;background-size: cover !important;}&#8221;][vc_column_text]\n<div>\n<h1 class=\"titulo-caja\">Publicitat<\/h1>\n<\/div>\n[\/vc_column_text][\/vc_column][vc_column width=&#8221;1\/2&#8243; el_class=&#8221;centrado2 altura-casilla2&#8243;][vc_column_text]\n<div style=\"width: 80%; margin: auto;\">\n<aside>\n<h1><span style=\"font-weight: 400;\">Online<\/span><\/h1>\n<p><span style=\"font-weight: 400;\">Google Adwords<\/span><\/p>\n<p><span style=\"font-weight: 400;\">Facebook Ads<\/span><\/p>\n<p><span style=\"font-weight: 400;\">Instagram Ads<\/span><\/p>\n<p><span style=\"font-weight: 400;\">Twitter Ads<\/span><\/p>\n<p><span style=\"font-weight: 400;\">LinkedIn Ads<\/span><\/p>\n<p><span style=\"font-weight: 400;\">Altres plataformes<\/span><\/p>\n<h1><span style=\"font-weight: 400;\">Offline<\/span><\/h1>\n<p><span style=\"font-weight: 400;\">Publicitat exterior: bus, metro, mupis&#8230; <\/span><\/p>\n<p><span style=\"font-weight: 400;\">Publicitat en mitjans<\/span><\/p>\n<\/aside>\n<\/div>\n[\/vc_column_text][\/vc_column][\/vc_row][vc_row full_width=&#8221;stretch_row_content&#8221; equal_height=&#8221;yes&#8221; columns_right=&#8221;yes&#8221; min_height=&#8221;400&#8243; el_id=&#8221;datos&#8221;][vc_column width=&#8221;1\/2&#8243; el_class=&#8221;centrado altura-casilla&#8221; css=&#8221;.vc_custom_1546855621059{background-image: url(http:\/\/zipzapsocial.com\/wp-content\/uploads\/2018\/12\/zip6.jpg?id=295) !important;background-position: center !important;background-repeat: no-repeat !important;background-size: cover !important;}&#8221;][vc_column_text]\n<h1 class=\"titulo-caja\"><b>Monitoratge i extracci\u00f3 de dades<br \/>\n<\/b><\/h1>\n[\/vc_column_text][\/vc_column][vc_column width=&#8221;1\/2&#8243; el_class=&#8221;centrado2 altura-casilla2&#8243;][vc_column_text]\n<div style=\"width: 80%; margin: auto;\">\n<aside><span style=\"font-weight: 400;\">Google Analytics<\/span><br \/>\n<span style=\"font-weight: 400;\">Audiense<\/span><br \/>\n<span style=\"font-weight: 400;\">FB Insights<\/span><br \/>\n<span style=\"font-weight: 400;\">Twitter<\/span><br \/>\n<span style=\"font-weight: 400;\">Instagram<\/span><br \/>\n<span style=\"font-weight: 400;\">Google Adwords<\/span><br \/>\n<span style=\"font-weight: 400;\">Monitoring<\/span><br \/>\n<span style=\"font-weight: 400;\">Encuestas<\/span><br \/>\n<span style=\"font-weight: 400;\">Augure<\/span><br \/>\n<span style=\"font-weight: 400;\">IBM <\/span><br \/>\n<span style=\"font-weight: 400;\">Analytics<\/span><\/aside>\n<\/div>\n[\/vc_column_text][\/vc_column][\/vc_row][vc_row full_width=&#8221;stretch_row_content&#8221; equal_height=&#8221;yes&#8221; min_height=&#8221;400&#8243; el_id=&#8221;analisis&#8221;][vc_column width=&#8221;1\/2&#8243; el_class=&#8221;centrado altura-casilla&#8221; css=&#8221;.vc_custom_1546855626208{background-image: url(http:\/\/zipzapsocial.com\/wp-content\/uploads\/2018\/12\/zip7.jpg?id=296) !important;background-position: center !important;background-repeat: no-repeat !important;background-size: cover !important;}&#8221;][vc_column_text]\n<div>\n<h1 class=\"titulo-caja\">An\u00e0lisis, informes i valoritzaci\u00f3 de la informaci\u00f3<\/h1>\n<\/div>\n[\/vc_column_text][\/vc_column][vc_column width=&#8221;1\/2&#8243; el_class=&#8221;centrado2 altura-casilla2&#8243;][vc_column_text]\n<div style=\"width: 80%; margin: auto;\">\n<aside><span style=\"font-weight: 400;\">Generaci\u00f3 d\u2019informes<\/span><br \/>\n<span style=\"font-weight: 400;\">Assoliment d\u2019objectius<\/span><br \/>\n<span style=\"font-weight: 400;\">Presa de decisions<\/span><\/aside>\n<\/div>\n[\/vc_column_text][\/vc_column][\/vc_row][vc_row full_width=&#8221;stretch_row_content&#8221; equal_height=&#8221;yes&#8221; columns_right=&#8221;yes&#8221; min_height=&#8221;400&#8243; el_id=&#8221;webs&#8221;][vc_column width=&#8221;1\/2&#8243; el_class=&#8221;centrado altura-casilla&#8221; css=&#8221;.vc_custom_1546855629472{background-image: url(http:\/\/zipzapsocial.com\/wp-content\/uploads\/2018\/12\/zip8.jpg?id=297) !important;background-position: center !important;background-repeat: no-repeat !important;background-size: cover !important;}&#8221;][vc_column_text]\n<h1 class=\"titulo-caja\"><b>Webs i programaci\u00f3<\/b><\/h1>\n[\/vc_column_text][\/vc_column][vc_column width=&#8221;1\/2&#8243; el_class=&#8221;centrado2 altura-casilla2&#8243;][vc_column_text]\n<div style=\"width: 80%; margin: auto;\">\n<aside><span style=\"font-weight: 400;\">CMS\/Sistemes de gesti\u00f3 de continguts<\/span><br \/>\n<span style=\"font-weight: 400;\">Software a mida<\/span><br \/>\n<span style=\"font-weight: 400;\">Apps i Solucions m\u00f2bils<\/span><br \/>\n<span style=\"font-weight: 400;\">Seguretat<\/span><span style=\"font-weight: 400;\">Servei de backups i restauraci\u00f3 de c\u00f2pies de seguretat<\/span><br \/>\n<span style=\"font-weight: 400;\">Administraci\u00f3 i gesti\u00f3 de sistemes: actualitzacions del servidor i optimitzaci\u00f3 del mateix<\/span><br \/>\n<span style=\"font-weight: 400;\">Suport WordPress, resoluci\u00f3 de problemes, actualitzacions, migracions, instal\u00b7laci\u00f3 de plugins, optimitzaci\u00f3 de rendiment, etc.<\/span><br \/>\n<span style=\"font-weight: 400;\">Esborrada de Malware<\/span><br \/>\n<span style=\"font-weight: 400;\">Neteja de p\u00e0gines<\/span><br \/>\n<span style=\"font-weight: 400;\">Bloqueig contra Hackers<\/span><br \/>\n<span style=\"font-weight: 400;\">Creaci\u00f3 i gesti\u00f3 de safates de correu<\/span><br \/>\n<span style=\"font-weight: 400;\">Gesti\u00f3 i configuraci\u00f3 de dominis i DNS<\/span><br \/>\n<span style=\"font-weight: 400;\">Gesti\u00f3 i configuraci\u00f3 de hosting i servidors adaptables i escalables al tr\u00e0fic web<\/span><\/aside>\n<\/div>\n[\/vc_column_text][\/vc_column][\/vc_row]\n","protected":false},"excerpt":{"rendered":"<p>[vc_row full_width=&#8221;stretch_row_content&#8221; equal_height=&#8221;yes&#8221; min_height=&#8221;400&#8243;][vc_column width=&#8221;1\/2&#8243; el_class=&#8221;centrado altura-casilla&#8221; css=&#8221;.vc_custom_1546855558602{background-image: url(http:\/\/zipzapsocial.com\/wp-content\/uploads\/2018\/12\/zip1.jpg?id=290) !important;background-position: center !important;background-repeat: no-repeat !important;background-size: cover !important;}&#8221;][vc_column_text] Planificaci\u00f3 estrat\u00e8gica [\/vc_column_text][\/vc_column][vc_column width=&#8221;1\/2&#8243; el_class=&#8221;altura-casilla2 centrado2&#8243;][vc_column_text] Creaci\u00f3 del relat Benchmarking (on i off) Estudi de paraules clau Creaci\u00f3 del pla d\u2019accions Creaci\u00f3 de claims&hellip;<\/p>\n","protected":false},"author":3,"featured_media":0,"parent":0,"menu_order":0,"comment_status":"closed","ping_status":"closed","template":"","meta":[],"yoast_head":"<!-- This site is optimized with the Yoast SEO plugin v18.3 - https:\/\/yoast.com\/wordpress\/plugins\/seo\/ -->\n<title>SERVEIS - ZipZap Social<\/title>\n<meta name=\"robots\" content=\"index, follow, max-snippet:-1, max-image-preview:large, max-video-preview:-1\" \/>\n<link rel=\"canonical\" href=\"https:\/\/zipzapsocial.com\/ca\/servicios\/\" \/>\n<meta property=\"og:locale\" content=\"ca_ES\" \/>\n<meta property=\"og:type\" content=\"article\" \/>\n<meta property=\"og:title\" content=\"SERVEIS - ZipZap Social\" \/>\n<meta property=\"og:description\" content=\"[vc_row full_width=&#8221;stretch_row_content&#8221; equal_height=&#8221;yes&#8221; min_height=&#8221;400&#8243;][vc_column width=&#8221;1\/2&#8243; el_class=&#8221;centrado altura-casilla&#8221; css=&#8221;.vc_custom_1546855558602{background-image: url(http:\/\/zipzapsocial.com\/wp-content\/uploads\/2018\/12\/zip1.jpg?id=290) !important;background-position: center !important;background-repeat: no-repeat !important;background-size: cover !important;}&#8221;][vc_column_text] Planificaci\u00f3 estrat\u00e8gica [\/vc_column_text][\/vc_column][vc_column width=&#8221;1\/2&#8243; el_class=&#8221;altura-casilla2 centrado2&#8243;][vc_column_text] Creaci\u00f3 del relat Benchmarking (on i off) Estudi de paraules clau Creaci\u00f3 del pla d\u2019accions Creaci\u00f3 de claims&hellip;\" \/>\n<meta property=\"og:url\" content=\"https:\/\/zipzapsocial.com\/ca\/servicios\/\" \/>\n<meta property=\"og:site_name\" content=\"ZipZap Social\" \/>\n<meta property=\"article:modified_time\" content=\"2021-02-05T10:42:32+00:00\" \/>\n<meta name=\"twitter:card\" content=\"summary_large_image\" \/>\n<meta name=\"twitter:label1\" content=\"Temps estimat de lectura\" \/>\n\t<meta name=\"twitter:data1\" content=\"5 minuts\" \/>\n<script type=\"application\/ld+json\" class=\"yoast-schema-graph\">{\"@context\":\"https:\/\/schema.org\",\"@graph\":[{\"@type\":\"WebSite\",\"@id\":\"https:\/\/zipzapsocial.com\/#website\",\"url\":\"https:\/\/zipzapsocial.com\/\",\"name\":\"ZipZap Social\",\"description\":\"Just another WordPress site\",\"potentialAction\":[{\"@type\":\"SearchAction\",\"target\":{\"@type\":\"EntryPoint\",\"urlTemplate\":\"https:\/\/zipzapsocial.com\/?s={search_term_string}\"},\"query-input\":\"required name=search_term_string\"}],\"inLanguage\":\"ca\"},{\"@type\":\"WebPage\",\"@id\":\"https:\/\/zipzapsocial.com\/ca\/servicios\/#webpage\",\"url\":\"https:\/\/zipzapsocial.com\/ca\/servicios\/\",\"name\":\"SERVEIS - ZipZap Social\",\"isPartOf\":{\"@id\":\"https:\/\/zipzapsocial.com\/#website\"},\"datePublished\":\"2018-12-12T10:43:44+00:00\",\"dateModified\":\"2021-02-05T10:42:32+00:00\",\"breadcrumb\":{\"@id\":\"https:\/\/zipzapsocial.com\/ca\/servicios\/#breadcrumb\"},\"inLanguage\":\"ca\",\"potentialAction\":[{\"@type\":\"ReadAction\",\"target\":[\"https:\/\/zipzapsocial.com\/ca\/servicios\/\"]}]},{\"@type\":\"BreadcrumbList\",\"@id\":\"https:\/\/zipzapsocial.com\/ca\/servicios\/#breadcrumb\",\"itemListElement\":[{\"@type\":\"ListItem\",\"position\":1,\"name\":\"Portada\",\"item\":\"https:\/\/zipzapsocial.com\/ca\/\"},{\"@type\":\"ListItem\",\"position\":2,\"name\":\"SERVEIS\"}]}]}<\/script>\n<!-- \/ Yoast SEO plugin. -->","yoast_head_json":{"title":"SERVEIS - ZipZap Social","robots":{"index":"index","follow":"follow","max-snippet":"max-snippet:-1","max-image-preview":"max-image-preview:large","max-video-preview":"max-video-preview:-1"},"canonical":"https:\/\/zipzapsocial.com\/ca\/servicios\/","og_locale":"ca_ES","og_type":"article","og_title":"SERVEIS - ZipZap Social","og_description":"[vc_row full_width=&#8221;stretch_row_content&#8221; equal_height=&#8221;yes&#8221; min_height=&#8221;400&#8243;][vc_column width=&#8221;1\/2&#8243; el_class=&#8221;centrado altura-casilla&#8221; css=&#8221;.vc_custom_1546855558602{background-image: url(http:\/\/zipzapsocial.com\/wp-content\/uploads\/2018\/12\/zip1.jpg?id=290) !important;background-position: center !important;background-repeat: no-repeat !important;background-size: cover !important;}&#8221;][vc_column_text] Planificaci\u00f3 estrat\u00e8gica [\/vc_column_text][\/vc_column][vc_column width=&#8221;1\/2&#8243; el_class=&#8221;altura-casilla2 centrado2&#8243;][vc_column_text] Creaci\u00f3 del relat Benchmarking (on i off) Estudi de paraules clau Creaci\u00f3 del pla d\u2019accions Creaci\u00f3 de claims&hellip;","og_url":"https:\/\/zipzapsocial.com\/ca\/servicios\/","og_site_name":"ZipZap Social","article_modified_time":"2021-02-05T10:42:32+00:00","twitter_card":"summary_large_image","twitter_misc":{"Temps estimat de lectura":"5 minuts"},"schema":{"@context":"https:\/\/schema.org","@graph":[{"@type":"WebSite","@id":"https:\/\/zipzapsocial.com\/#website","url":"https:\/\/zipzapsocial.com\/","name":"ZipZap Social","description":"Just another WordPress site","potentialAction":[{"@type":"SearchAction","target":{"@type":"EntryPoint","urlTemplate":"https:\/\/zipzapsocial.com\/?s={search_term_string}"},"query-input":"required name=search_term_string"}],"inLanguage":"ca"},{"@type":"WebPage","@id":"https:\/\/zipzapsocial.com\/ca\/servicios\/#webpage","url":"https:\/\/zipzapsocial.com\/ca\/servicios\/","name":"SERVEIS - ZipZap Social","isPartOf":{"@id":"https:\/\/zipzapsocial.com\/#website"},"datePublished":"2018-12-12T10:43:44+00:00","dateModified":"2021-02-05T10:42:32+00:00","breadcrumb":{"@id":"https:\/\/zipzapsocial.com\/ca\/servicios\/#breadcrumb"},"inLanguage":"ca","potentialAction":[{"@type":"ReadAction","target":["https:\/\/zipzapsocial.com\/ca\/servicios\/"]}]},{"@type":"BreadcrumbList","@id":"https:\/\/zipzapsocial.com\/ca\/servicios\/#breadcrumb","itemListElement":[{"@type":"ListItem","position":1,"name":"Portada","item":"https:\/\/zipzapsocial.com\/ca\/"},{"@type":"ListItem","position":2,"name":"SERVEIS"}]}]}},"_links":{"self":[{"href":"https:\/\/zipzapsocial.com\/ca\/wp-json\/wp\/v2\/pages\/2421\/"}],"collection":[{"href":"https:\/\/zipzapsocial.com\/ca\/wp-json\/wp\/v2\/pages\/"}],"about":[{"href":"https:\/\/zipzapsocial.com\/ca\/wp-json\/wp\/v2\/types\/page\/"}],"author":[{"embeddable":true,"href":"https:\/\/zipzapsocial.com\/ca\/wp-json\/wp\/v2\/users\/3\/"}],"replies":[{"embeddable":true,"href":"https:\/\/zipzapsocial.com\/ca\/wp-json\/wp\/v2\/comments\/?post=2421"}],"version-history":[{"count":4,"href":"https:\/\/zipzapsocial.com\/ca\/wp-json\/wp\/v2\/pages\/2421\/revisions\/"}],"predecessor-version":[{"id":4709,"href":"https:\/\/zipzapsocial.com\/ca\/wp-json\/wp\/v2\/pages\/2421\/revisions\/4709\/"}],"wp:attachment":[{"href":"https:\/\/zipzapsocial.com\/ca\/wp-json\/wp\/v2\/media\/?parent=2421"}],"curies":[{"name":"wp","href":"https:\/\/api.w.org\/{rel}","templated":true}]}}